{"id":28,"date":"2025-12-23T15:49:19","date_gmt":"2025-12-23T15:49:19","guid":{"rendered":"https:\/\/www.nordiket.se\/home\/"},"modified":"2025-12-27T11:48:02","modified_gmt":"2025-12-27T09:48:02","slug":"home","status":"publish","type":"page","link":"https:\/\/www.nordiket.se\/sv\/","title":{"rendered":"Home"},"content":{"rendered":"<div class=\"wp-block-group alignfull is-style-ext-preset--group--natural-1--section has-background-background-color has-background has-global-padding is-layout-constrained wp-container-core-group-is-layout-3a3c7119 wp-block-group-is-layout-constrained\" style=\"margin-top:0;margin-bottom:0;padding-top:var(--wp--preset--spacing--50);padding-bottom:var(--wp--preset--spacing--70)\">\n<div class=\"wp-block-group alignwide is-vertical is-layout-flex wp-container-core-group-is-layout-c35747d5 wp-block-group-is-layout-flex\">\n<div class=\"wp-block-group has-global-padding is-layout-constrained wp-container-core-group-is-layout-dd32767c wp-block-group-is-layout-constrained\">\n<h1 class=\"wp-block-heading\">Faqja \u00ebsht\u00eb ende n\u00eb nd\u00ebrtim&#8230;<\/h1>\n\n\n\n<p>Faleminderit q\u00eb na vizituat!<\/p>\n<\/div>\n<\/div>\n\n\n\n<div class=\"wp-block-columns alignwide are-vertically-aligned-center is-not-stacked-on-mobile is-layout-flex wp-container-core-columns-is-layout-87beb0d0 wp-block-columns-is-layout-flex\">\n<div class=\"wp-block-column is-vertically-aligned-center is-layout-flow wp-block-column-is-layout-flow\">\n<figure class=\"wp-block-image is-style-ext-preset--image--natural-1--image-1--content-right is-style-ext-preset--image--natural-1--image-1--content-right--2\"><img loading=\"lazy\" decoding=\"async\" width=\"1440\" height=\"960\" src=\"https:\/\/www.nordiket.se\/wp-content\/uploads\/2025\/12\/e0238961c3198bfe2bcebe5142ef4e4daf4fbb0e.jpg\" alt=\"\" class=\"wp-image-65\" style=\"aspect-ratio:4\/3;object-fit:cover\" srcset=\"https:\/\/www.nordiket.se\/wp-content\/uploads\/2025\/12\/e0238961c3198bfe2bcebe5142ef4e4daf4fbb0e.jpg 1440w, https:\/\/www.nordiket.se\/wp-content\/uploads\/2025\/12\/e0238961c3198bfe2bcebe5142ef4e4daf4fbb0e-300x200.jpg 300w, https:\/\/www.nordiket.se\/wp-content\/uploads\/2025\/12\/e0238961c3198bfe2bcebe5142ef4e4daf4fbb0e-1024x683.jpg 1024w, https:\/\/www.nordiket.se\/wp-content\/uploads\/2025\/12\/e0238961c3198bfe2bcebe5142ef4e4daf4fbb0e-768x512.jpg 768w, https:\/\/www.nordiket.se\/wp-content\/uploads\/2025\/12\/e0238961c3198bfe2bcebe5142ef4e4daf4fbb0e-18x12.jpg 18w\" sizes=\"auto, (max-width: 1440px) 100vw, 1440px\" \/><\/figure>\n<\/div>\n\n\n\n<div class=\"wp-block-column is-vertically-aligned-center is-layout-flow wp-block-column-is-layout-flow\">\n<figure class=\"wp-block-image is-style-ext-preset--image--natural-1--image-1--content-left is-style-ext-preset--image--natural-1--image-1--content-left--3\"><img loading=\"lazy\" decoding=\"async\" width=\"961\" height=\"1440\" src=\"https:\/\/www.nordiket.se\/wp-content\/uploads\/2025\/12\/e1886d47963537708dac1ea057d2a83eca39ed89.jpg\" alt=\"\" class=\"wp-image-67\" style=\"aspect-ratio:4\/3;object-fit:cover\" srcset=\"https:\/\/www.nordiket.se\/wp-content\/uploads\/2025\/12\/e1886d47963537708dac1ea057d2a83eca39ed89.jpg 961w, https:\/\/www.nordiket.se\/wp-content\/uploads\/2025\/12\/e1886d47963537708dac1ea057d2a83eca39ed89-200x300.jpg 200w, https:\/\/www.nordiket.se\/wp-content\/uploads\/2025\/12\/e1886d47963537708dac1ea057d2a83eca39ed89-683x1024.jpg 683w, https:\/\/www.nordiket.se\/wp-content\/uploads\/2025\/12\/e1886d47963537708dac1ea057d2a83eca39ed89-768x1151.jpg 768w, https:\/\/www.nordiket.se\/wp-content\/uploads\/2025\/12\/e1886d47963537708dac1ea057d2a83eca39ed89-8x12.jpg 8w\" sizes=\"auto, (max-width: 961px) 100vw, 961px\" \/><\/figure>\n<\/div>\n<\/div>\n\n\n\n<div class=\"wp-block-group alignwide is-vertical is-layout-flex wp-container-core-group-is-layout-c35747d5 wp-block-group-is-layout-flex\">\n<div class=\"wp-block-group has-global-padding is-layout-constrained wp-container-core-group-is-layout-dd32767c wp-block-group-is-layout-constrained\">\n<p>Faleminderit q\u00eb vizituat nordiket.se. Aktualisht faqja \u00ebsht\u00eb n\u00eb nd\u00ebrtim dhe do t\u00eb jet\u00eb gati s\u00eb shpejti. Nd\u00ebrkoh\u00eb, mos ngurroni t\u00eb na vizitoni p\u00ebrs\u00ebri m\u00eb von\u00eb ose t\u00eb na ndiqni n\u00eb mediat sociale p\u00ebr p\u00ebrdit\u00ebsime!<\/p>\n<\/div>\n\n\n\n<div class=\"wp-block-buttons is-layout-flex wp-block-buttons-is-layout-flex\">\n<div class=\"wp-block-button is-style-ext-preset--button--natural-1--button-1 is-style-ext-preset--button--natural-1--button-1--4\"><a class=\"wp-block-button__link wp-element-button\" href=\"https:\/\/www.nordiket.se\/sv\/resources\/\">Zbulo m\u00eb shum\u00eb<\/a><\/div>\n<\/div>\n<\/div>\n<\/div>\n\n\n\n<div class=\"wp-block-group alignfull is-style-ext-preset--group--natural-1--section has-tertiary-background-color has-background has-global-padding is-layout-constrained wp-container-core-group-is-layout-e955bbaf wp-block-group-is-layout-constrained\" id=\"blog\" style=\"margin-top:0;margin-bottom:0;padding-top:var(--wp--preset--spacing--70);padding-bottom:var(--wp--preset--spacing--70)\">\n<div class=\"wp-block-group alignwide is-vertical is-content-justification-center is-layout-flex wp-container-core-group-is-layout-c9ee0c5a wp-block-group-is-layout-flex\">\n<div class=\"wp-block-group has-global-padding is-layout-constrained wp-container-core-group-is-layout-2287c683 wp-block-group-is-layout-constrained\">\n<h2 class=\"wp-block-heading has-text-align-center\">Lajmi i fundit<\/h2>\n\n\n\n<p class=\"has-text-align-center\">T\u00eb rejat e fundit i gjeni t\u00eb renditura m\u00eb posht\u00eb.<\/p>\n<\/div>\n<\/div>\n\n\n\n<div class=\"wp-block-query alignwide is-layout-flow wp-block-query-is-layout-flow\"><ul class=\"columns-3 wp-block-post-template is-layout-grid wp-container-core-post-template-is-layout-10753265 wp-block-post-template-is-layout-grid\"><li class=\"wp-block-post post-106 post type-post status-publish format-standard hentry category-uncategorized\">\n\n<div class=\"wp-block-group is-style-ext-preset--group--natural-1--item-card-1--align-start has-global-padding is-layout-constrained wp-block-group-is-layout-constrained is-style-ext-preset--group--natural-1--item-card-1--align-start--6\">\n\n\n<div class=\"wp-block-group is-style-default has-global-padding is-layout-constrained wp-container-core-group-is-layout-e0082cf6 wp-block-group-is-layout-constrained\"><div style=\"font-size:14px;font-style:normal;font-weight:600\" class=\"taxonomy-category wp-block-post-terms\"><a href=\"https:\/\/www.nordiket.se\/sv\/category\/uncategorized\/\" rel=\"tag\">Uncategorized<\/a><\/div>\n\n<h2 style=\"font-size:clamp(15.747px, 0.984rem + ((1vw - 3.2px) * 0.86), 24px); margin-top:8px;margin-bottom:var(--wp--preset--spacing--20);\" class=\"wp-block-post-title\"><a href=\"https:\/\/www.nordiket.se\/sv\/lajmi-numer-2\/\" target=\"_self\" >Lajmi numer 2<\/a><\/h2>\n\n<div style=\"margin-top:var(--wp--preset--spacing--20);margin-bottom:var(--wp--preset--spacing--20);\" class=\"wp-block-post-excerpt has-small-font-size\"><p class=\"wp-block-post-excerpt__excerpt\">Bllsflsdlfs This section provides an overview of the blog, showcasing a variety of articles, insights,&hellip; <\/p><\/div>\n\n\n<div class=\"wp-block-group is-nowrap is-layout-flex wp-container-core-group-is-layout-b35fda84 wp-block-group-is-layout-flex\" style=\"margin-top:24px;padding-top:0;padding-right:0;padding-bottom:0;padding-left:0\"><div class=\"wp-block-avatar\"><a href=\"https:\/\/www.nordiket.se\/sv\/author\/florenc\/\" target=\"_self\"  class=\"wp-block-avatar__link\"><img alt='Profilbild f\u00f6r user1' src='https:\/\/secure.gravatar.com\/avatar\/297fd2645db1fd82b5244b3e238dc2eb1c5c981ab13eac173f55e6c6484e9f18?s=48&#038;d=mm&#038;r=g' srcset='https:\/\/secure.gravatar.com\/avatar\/297fd2645db1fd82b5244b3e238dc2eb1c5c981ab13eac173f55e6c6484e9f18?s=96&#038;d=mm&#038;r=g 2x' class='avatar avatar-48 photo wp-block-avatar__image' height='48' width='48'  style=\"border-radius:100px;\"\/><\/a><\/div>\n\n<div style=\"font-size:14px;font-style:normal;font-weight:600;text-decoration:none;\" class=\"wp-block-post-author-name\"><a href=\"https:\/\/www.nordiket.se\/sv\/author\/florenc\/\" target=\"_self\" class=\"wp-block-post-author-name__link\">user1<\/a><\/div>\n\n\n<hr class=\"wp-block-separator has-alpha-channel-opacity wp-container-content-4daaf377\"\/>\n\n\n<div style=\"font-size:14px;text-transform:capitalize;\" class=\"wp-block-post-date\"><time datetime=\"2025-12-23T22:46:34+02:00\">dec 23, 2025<\/time><\/div><\/div>\n<\/div>\n<\/div>\n\n<\/li><li class=\"wp-block-post post-45 post type-post status-publish format-standard has-post-thumbnail hentry category-category-4\">\n\n<div class=\"wp-block-group is-style-ext-preset--group--natural-1--item-card-1--align-start has-global-padding is-layout-constrained wp-block-group-is-layout-constrained is-style-ext-preset--group--natural-1--item-card-1--align-start--7\"><figure style=\"aspect-ratio:4\/3;\" class=\"wp-block-post-featured-image\"><img loading=\"lazy\" decoding=\"async\" width=\"2560\" height=\"1920\" src=\"https:\/\/www.nordiket.se\/wp-content\/uploads\/2025\/12\/1000023034-scaled.jpg\" class=\"attachment-post-thumbnail size-post-thumbnail wp-post-image\" alt=\"Saranda\" style=\"width:100%;height:100%;object-fit:cover;\" srcset=\"https:\/\/www.nordiket.se\/wp-content\/uploads\/2025\/12\/1000023034-scaled.jpg 2560w, https:\/\/www.nordiket.se\/wp-content\/uploads\/2025\/12\/1000023034-300x225.jpg 300w, https:\/\/www.nordiket.se\/wp-content\/uploads\/2025\/12\/1000023034-1024x768.jpg 1024w, https:\/\/www.nordiket.se\/wp-content\/uploads\/2025\/12\/1000023034-768x576.jpg 768w, https:\/\/www.nordiket.se\/wp-content\/uploads\/2025\/12\/1000023034-1536x1152.jpg 1536w, https:\/\/www.nordiket.se\/wp-content\/uploads\/2025\/12\/1000023034-2048x1536.jpg 2048w, https:\/\/www.nordiket.se\/wp-content\/uploads\/2025\/12\/1000023034-16x12.jpg 16w\" sizes=\"auto, (max-width: 2560px) 100vw, 2560px\" \/><\/figure>\n\n\n<div class=\"wp-block-group is-style-default has-global-padding is-layout-constrained wp-container-core-group-is-layout-e0082cf6 wp-block-group-is-layout-constrained\"><div style=\"font-size:14px;font-style:normal;font-weight:600\" class=\"taxonomy-category wp-block-post-terms\"><a href=\"https:\/\/www.nordiket.se\/sv\/category\/category-4\/\" rel=\"tag\">Category 4<\/a><\/div>\n\n<h2 style=\"font-size:clamp(15.747px, 0.984rem + ((1vw - 3.2px) * 0.86), 24px); margin-top:8px;margin-bottom:var(--wp--preset--spacing--20);\" class=\"wp-block-post-title\"><a href=\"https:\/\/www.nordiket.se\/sv\/the-power-of-relevant-news-in-daily-life\/\" target=\"_self\" >Sa suedeze vizitojne ne vit Shqiperine<\/a><\/h2>\n\n<div style=\"margin-top:var(--wp--preset--spacing--20);margin-bottom:var(--wp--preset--spacing--20);\" class=\"wp-block-post-excerpt has-small-font-size\"><p class=\"wp-block-post-excerpt__excerpt\">Shqiperia shihet si nje destiancion i nxehte per pushimet verore tashme edhe nga vendet nordike.&hellip; <\/p><\/div>\n\n\n<div class=\"wp-block-group is-nowrap is-layout-flex wp-container-core-group-is-layout-b35fda84 wp-block-group-is-layout-flex\" style=\"margin-top:24px;padding-top:0;padding-right:0;padding-bottom:0;padding-left:0\"><div class=\"wp-block-avatar\"><a href=\"https:\/\/www.nordiket.se\/sv\/author\/florenc\/\" target=\"_self\"  class=\"wp-block-avatar__link\"><img alt='Profilbild f\u00f6r user1' src='https:\/\/secure.gravatar.com\/avatar\/297fd2645db1fd82b5244b3e238dc2eb1c5c981ab13eac173f55e6c6484e9f18?s=48&#038;d=mm&#038;r=g' srcset='https:\/\/secure.gravatar.com\/avatar\/297fd2645db1fd82b5244b3e238dc2eb1c5c981ab13eac173f55e6c6484e9f18?s=96&#038;d=mm&#038;r=g 2x' class='avatar avatar-48 photo wp-block-avatar__image' height='48' width='48'  style=\"border-radius:100px;\"\/><\/a><\/div>\n\n<div style=\"font-size:14px;font-style:normal;font-weight:600;text-decoration:none;\" class=\"wp-block-post-author-name\"><a href=\"https:\/\/www.nordiket.se\/sv\/author\/florenc\/\" target=\"_self\" class=\"wp-block-post-author-name__link\">user1<\/a><\/div>\n\n\n<hr class=\"wp-block-separator has-alpha-channel-opacity wp-container-content-4daaf377\"\/>\n\n\n<div style=\"font-size:14px;text-transform:capitalize;\" class=\"wp-block-post-date\"><time datetime=\"2025-12-23T15:49:46+02:00\">dec 23, 2025<\/time><\/div><\/div>\n<\/div>\n<\/div>\n\n<\/li><\/ul><\/div>\n\n\n\n<div class=\"wp-block-buttons alignwide is-content-justification-center is-layout-flex wp-container-core-buttons-is-layout-a89b3969 wp-block-buttons-is-layout-flex\">\n<div class=\"wp-block-button is-style-ext-preset--button--natural-1--button-1 is-style-ext-preset--button--natural-1--button-1--8\"><a class=\"wp-block-button__link wp-element-button\" href=\"https:\/\/www.nordiket.se\/sv\/blog\/\">Kliko p\u00ebr m\u00eb shum\u00eb<\/a><\/div>\n<\/div>\n<\/div>\n\n\n\n<div class=\"wp-block-group alignfull is-style-ext-preset--group--natural-1--section has-background-background-color has-background has-global-padding is-layout-constrained wp-container-core-group-is-layout-e955bbaf wp-block-group-is-layout-constrained\" id=\"faq\" style=\"margin-top:0;margin-bottom:0;padding-top:var(--wp--preset--spacing--70);padding-bottom:var(--wp--preset--spacing--70)\">\n<div class=\"wp-block-group alignwide is-vertical is-content-justification-center is-layout-flex wp-container-core-group-is-layout-c9ee0c5a wp-block-group-is-layout-flex\">\n<div class=\"wp-block-group has-global-padding is-layout-constrained wp-container-core-group-is-layout-2287c683 wp-block-group-is-layout-constrained\">\n<h2 class=\"wp-block-heading has-text-align-center\">Informohu me Nordiket News<\/h2>\n\n\n\n<p class=\"has-text-align-center\">Informohu me lajme nga Shqip\u00ebria dhe Suedia me gazetar\u00eb profesionist n\u00eb t\u00eb dy vendet.<\/p>\n<\/div>\n<\/div>\n<\/div>\n\n\n\n<div class=\"wp-block-group alignfull is-style-ext-preset--group--natural-1--section has-tertiary-background-color has-background has-global-padding is-layout-constrained wp-block-group-is-layout-constrained\" id=\"contact\" style=\"margin-top:0;margin-bottom:0;padding-top:var(--wp--preset--spacing--70);padding-bottom:var(--wp--preset--spacing--70)\">\n<div class=\"wp-block-media-text alignwide has-media-on-the-right is-stacked-on-mobile is-image-fill-element is-style-ext-preset--media-text--natural-1--card-1 has-background-background-color has-background is-style-ext-preset--media-text--natural-1--card-1--11\" style=\"grid-template-columns:auto 48%\"><div class=\"wp-block-media-text__content\">\n<div class=\"wp-block-group alignwide has-global-padding is-layout-constrained wp-container-core-group-is-layout-48493932 wp-block-group-is-layout-constrained\" style=\"padding-top:var(--wp--preset--spacing--55);padding-right:var(--wp--preset--spacing--55);padding-bottom:var(--wp--preset--spacing--55);padding-left:var(--wp--preset--spacing--55)\"><div class=\"wpforms-container wpforms-block wpforms-block-406c62bf-d413-4f54-9e34-6ea96a36e1dd wpforms-render-modern\" id=\"wpforms-21\"><form id=\"wpforms-form-21\" class=\"wpforms-validate wpforms-form wpforms-ajax-form\" data-formid=\"21\" method=\"post\" enctype=\"multipart\/form-data\" action=\"\/sv\/wp-json\/wp\/v2\/pages\/28\" data-token=\"2ac9113f2edf41e9548a317c48e3e05b\" data-token-time=\"1776598165\" data-trp-original-action=\"\/sv\/wp-json\/wp\/v2\/pages\/28\"><noscript class=\"wpforms-error-noscript\">Aktivera JavaScript i din webbl\u00e4sare f\u00f6r att fylla i formul\u00e4ret.<\/noscript><div id=\"wpforms-error-noscript\" style=\"display: none;\">Aktivera JavaScript i din webbl\u00e4sare f\u00f6r att fylla i formul\u00e4ret.<\/div><div class=\"wpforms-field-container\"><div id=\"wpforms-21-field_1-container\" class=\"wpforms-field wpforms-field-name\" data-field-id=\"1\"><label class=\"wpforms-field-label\" for=\"wpforms-21-field_1\">Name <span class=\"wpforms-required-label\" aria-hidden=\"true\">*<\/span><\/label><input type=\"text\" id=\"wpforms-21-field_1\" class=\"wpforms-field-large wpforms-field-required\" name=\"wpforms[fields][1]\" aria-errormessage=\"wpforms-21-field_1-error\" required><\/div>\t\t<div id=\"wpforms-21-field_5-container\"\n\t\t\tclass=\"wpforms-field wpforms-field-text\"\n\t\t\tdata-field-type=\"text\"\n\t\t\tdata-field-id=\"5\"\n\t\t\t>\n\t\t\t<label class=\"wpforms-field-label\" for=\"wpforms-21-field_5\" >Message Name Email<\/label>\n\t\t\t<input type=\"text\" id=\"wpforms-21-field_5\" class=\"wpforms-field-medium\" name=\"wpforms[fields][5]\" >\n\t\t<\/div>\n\t\t<div id=\"wpforms-21-field_2-container\" class=\"wpforms-field wpforms-field-email\" data-field-id=\"2\"><label class=\"wpforms-field-label\" for=\"wpforms-21-field_2\">Email <span class=\"wpforms-required-label\" aria-hidden=\"true\">*<\/span><\/label><input type=\"email\" id=\"wpforms-21-field_2\" class=\"wpforms-field-large wpforms-field-required\" name=\"wpforms[fields][2]\" spellcheck=\"false\" aria-errormessage=\"wpforms-21-field_2-error\" required><\/div><div id=\"wpforms-21-field_3-container\" class=\"wpforms-field wpforms-field-text\" data-field-id=\"3\"><label class=\"wpforms-field-label\" for=\"wpforms-21-field_3\">Subject<\/label><input type=\"text\" id=\"wpforms-21-field_3\" class=\"wpforms-field-large\" name=\"wpforms[fields][3]\" aria-errormessage=\"wpforms-21-field_3-error\" ><\/div><div id=\"wpforms-21-field_4-container\" class=\"wpforms-field wpforms-field-textarea\" data-field-id=\"4\"><label class=\"wpforms-field-label\" for=\"wpforms-21-field_4\">Message <span class=\"wpforms-required-label\" aria-hidden=\"true\">*<\/span><\/label><textarea id=\"wpforms-21-field_4\" class=\"wpforms-field-large wpforms-field-required\" name=\"wpforms[fields][4]\" aria-errormessage=\"wpforms-21-field_4-error\" required><\/textarea><\/div><script>\n\t\t\t\t( function() {\n\t\t\t\t\tconst style = document.createElement( 'style' );\n\t\t\t\t\tstyle.appendChild( document.createTextNode( '#wpforms-21-field_5-container { position: absolute !important; overflow: hidden !important; display: inline !important; height: 1px !important; width: 1px !important; z-index: -1000 !important; padding: 0 !important; } #wpforms-21-field_5-container input { visibility: hidden; } #wpforms-conversational-form-page #wpforms-21-field_5-container label { counter-increment: none; }' ) );\n\t\t\t\t\tdocument.head.appendChild( style );\n\t\t\t\t\tdocument.currentScript?.remove();\n\t\t\t\t} )();\n\t\t\t<\/script><\/div><!-- .wpforms-field-container --><div class=\"wpforms-submit-container\" ><input type=\"hidden\" name=\"wpforms[id]\" value=\"21\"><input type=\"hidden\" name=\"page_title\" value=\"\"><input type=\"hidden\" name=\"page_url\" value=\"https:\/\/www.nordiket.se\/sv\/wp-json\/wp\/v2\/pages\/28\"><input type=\"hidden\" name=\"url_referer\" value=\"\"><button type=\"submit\" name=\"wpforms[submit]\" id=\"wpforms-submit-21\" class=\"wpforms-submit\" data-alt-text=\"Sending...\" data-submit-text=\"Submit\" aria-live=\"assertive\" value=\"wpforms-submit\">Submit<\/button><img loading=\"lazy\" decoding=\"async\" src=\"https:\/\/www.nordiket.se\/wp-content\/plugins\/wpforms-lite\/assets\/images\/submit-spin.svg\" class=\"wpforms-submit-spinner\" style=\"display: none;\" width=\"26\" height=\"26\" alt=\"Laddar\"><\/div><input type=\"hidden\" name=\"trp-form-language\" value=\"sv\"\/><\/form><\/div>  <!-- .wpforms-container --><\/div>\n<\/div><figure class=\"wp-block-media-text__media\"><img loading=\"lazy\" decoding=\"async\" width=\"1440\" height=\"960\" src=\"https:\/\/www.nordiket.se\/wp-content\/uploads\/2025\/12\/b0f64c4907d81037bfd9ecfdbc96b21a9e43d260.jpg\" alt=\"\" class=\"wp-image-70 size-full\" style=\"object-position:50% 50%\" srcset=\"https:\/\/www.nordiket.se\/wp-content\/uploads\/2025\/12\/b0f64c4907d81037bfd9ecfdbc96b21a9e43d260.jpg 1440w, https:\/\/www.nordiket.se\/wp-content\/uploads\/2025\/12\/b0f64c4907d81037bfd9ecfdbc96b21a9e43d260-300x200.jpg 300w, https:\/\/www.nordiket.se\/wp-content\/uploads\/2025\/12\/b0f64c4907d81037bfd9ecfdbc96b21a9e43d260-1024x683.jpg 1024w, https:\/\/www.nordiket.se\/wp-content\/uploads\/2025\/12\/b0f64c4907d81037bfd9ecfdbc96b21a9e43d260-768x512.jpg 768w, https:\/\/www.nordiket.se\/wp-content\/uploads\/2025\/12\/b0f64c4907d81037bfd9ecfdbc96b21a9e43d260-18x12.jpg 18w\" sizes=\"auto, (max-width: 1440px) 100vw, 1440px\" \/><\/figure><\/div>\n<\/div>","protected":false},"excerpt":{"rendered":"<p>Faqja \u00ebsht\u00eb ende n\u00eb nd\u00ebrtim&#8230; Faleminderit q\u00eb na vizituat! Faleminderit q\u00eb vizituat nordiket.se. Aktualisht faqja \u00ebsht\u00eb n\u00eb nd\u00ebrtim dhe do t\u00eb jet\u00eb gati s\u00eb shpejti. Nd\u00ebrkoh\u00eb, mos ngurroni t\u00eb na vizitoni p\u00ebrs\u00ebri m\u00eb von\u00eb ose t\u00eb na ndiqni n\u00eb mediat sociale p\u00ebr p\u00ebrdit\u00ebsime! Lajmi i fundit T\u00eb rejat e fundit i gjeni t\u00eb renditura m\u00eb [&hellip;]<\/p>","protected":false},"author":1,"featured_media":0,"parent":0,"menu_order":0,"comment_status":"closed","ping_status":"closed","template":"no-title","meta":{"footnotes":""},"class_list":["post-28","page","type-page","status-publish","hentry"],"aioseo_notices":[],"_links":{"self":[{"href":"https:\/\/www.nordiket.se\/sv\/wp-json\/wp\/v2\/pages\/28","targetHints":{"allow":["GET"]}}],"collection":[{"href":"https:\/\/www.nordiket.se\/sv\/wp-json\/wp\/v2\/pages"}],"about":[{"href":"https:\/\/www.nordiket.se\/sv\/wp-json\/wp\/v2\/types\/page"}],"author":[{"embeddable":true,"href":"https:\/\/www.nordiket.se\/sv\/wp-json\/wp\/v2\/users\/1"}],"replies":[{"embeddable":true,"href":"https:\/\/www.nordiket.se\/sv\/wp-json\/wp\/v2\/comments?post=28"}],"version-history":[{"count":9,"href":"https:\/\/www.nordiket.se\/sv\/wp-json\/wp\/v2\/pages\/28\/revisions"}],"predecessor-version":[{"id":132,"href":"https:\/\/www.nordiket.se\/sv\/wp-json\/wp\/v2\/pages\/28\/revisions\/132"}],"wp:attachment":[{"href":"https:\/\/www.nordiket.se\/sv\/wp-json\/wp\/v2\/media?parent=28"}],"curies":[{"name":"wp","href":"https:\/\/api.w.org\/{rel}","templated":true}]}}